{"id":530,"date":"2020-12-11T08:54:52","date_gmt":"2020-12-11T08:54:52","guid":{"rendered":"https:\/\/www.transnationalhistory.net\/esperanto\/?page_id=530"},"modified":"2020-12-11T08:54:52","modified_gmt":"2020-12-11T08:54:52","slug":"ligiloj","status":"publish","type":"page","link":"https:\/\/www.transnationalhistory.net\/esperanto\/ligiloj\/","title":{"rendered":"Ligiloj"},"content":{"rendered":"\t\t<div data-elementor-type=\"wp-page\" data-elementor-id=\"530\" class=\"elementor elementor-530\">\n\t\t\t\t\t\t<section class=\"elementor-section elementor-top-section elementor-element elementor-element-fcaa525 elementor-section-boxed elementor-section-height-default elementor-section-height-default\" data-id=\"fcaa525\" data-element_type=\"section\">\n\t\t\t\t\t\t<div class=\"elementor-container elementor-column-gap-default\">\n\t\t\t\t\t<div class=\"elementor-column elementor-col-100 elementor-top-column elementor-element elementor-element-aab853a\" data-id=\"aab853a\" data-element_type=\"column\">\n\t\t\t<div class=\"elementor-widget-wrap elementor-element-populated\">\n\t\t\t\t\t\t<div class=\"elementor-element elementor-element-62b8c9c elementor-widget-divider--view-line elementor-widget elementor-widget-divider\" data-id=\"62b8c9c\" data-element_type=\"widget\" data-widget_type=\"divider.default\">\n\t\t\t\t<div class=\"elementor-widget-container\">\n\t\t\t\t\t\t\t<div class=\"elementor-divider\">\n\t\t\t<span class=\"elementor-divider-separator\">\n\t\t\t\t\t\t<\/span>\n\t\t<\/div>\n\t\t\t\t\t\t<\/div>\n\t\t\t\t<\/div>\n\t\t\t\t\t<\/div>\n\t\t<\/div>\n\t\t\t\t\t<\/div>\n\t\t<\/section>\n\t\t\t\t<section class=\"elementor-section elementor-top-section elementor-element elementor-element-2654cd7f elementor-section-boxed elementor-section-height-default elementor-section-height-default\" data-id=\"2654cd7f\" data-element_type=\"section\">\n\t\t\t\t\t\t<div class=\"elementor-container elementor-column-gap-default\">\n\t\t\t\t\t<div class=\"elementor-column elementor-col-100 elementor-top-column elementor-element elementor-element-1d2434cb\" data-id=\"1d2434cb\" data-element_type=\"column\">\n\t\t\t<div class=\"elementor-widget-wrap elementor-element-populated\">\n\t\t\t\t\t\t<div class=\"elementor-element elementor-element-46095d8d elementor-widget elementor-widget-text-editor\" data-id=\"46095d8d\" data-element_type=\"widget\" data-widget_type=\"text-editor.default\">\n\t\t\t\t<div class=\"elementor-widget-container\">\n\t\t\t\t\t\t\t\t\t<div class=\"boldgrid-section\">\r\n<div class=\"container\">\r\n<div class=\"row\">\r\n<div class=\"col-md-12 col-xs-12 col-sm-12\">\r\n\r\n&nbsp;\r\n\r\n<\/div>\r\n<\/div>\r\n<\/div>\r\n<\/div>\t\t\t\t\t\t\t\t<\/div>\n\t\t\t\t<\/div>\n\t\t\t\t\t<\/div>\n\t\t<\/div>\n\t\t\t\t\t<\/div>\n\t\t<\/section>\n\t\t\t\t<section class=\"elementor-section elementor-top-section elementor-element elementor-element-d811ec9 elementor-section-boxed elementor-section-height-default elementor-section-height-default\" data-id=\"d811ec9\" data-element_type=\"section\">\n\t\t\t\t\t\t<div class=\"elementor-container elementor-column-gap-default\">\n\t\t\t\t\t<div class=\"elementor-column elementor-col-100 elementor-top-column elementor-element elementor-element-10a65df\" data-id=\"10a65df\" data-element_type=\"column\">\n\t\t\t<div class=\"elementor-widget-wrap elementor-element-populated\">\n\t\t\t\t\t\t<div class=\"elementor-element elementor-element-3025941 elementor-widget elementor-widget-heading\" data-id=\"3025941\" data-element_type=\"widget\" data-widget_type=\"heading.default\">\n\t\t\t\t<div class=\"elementor-widget-container\">\n\t\t\t\t\t<h2 class=\"elementor-heading-title elementor-size-default\">Resources<\/h2>\t\t\t\t<\/div>\n\t\t\t\t<\/div>\n\t\t\t\t\t<\/div>\n\t\t<\/div>\n\t\t\t\t\t<\/div>\n\t\t<\/section>\n\t\t\t\t<section class=\"elementor-section elementor-top-section elementor-element elementor-element-e71f201 elementor-section-boxed elementor-section-height-default elementor-section-height-default\" data-id=\"e71f201\" data-element_type=\"section\">\n\t\t\t\t\t\t<div class=\"elementor-container elementor-column-gap-default\">\n\t\t\t\t\t<div class=\"elementor-column elementor-col-100 elementor-top-column elementor-element elementor-element-53323b7\" data-id=\"53323b7\" data-element_type=\"column\">\n\t\t\t<div class=\"elementor-widget-wrap elementor-element-populated\">\n\t\t\t\t\t\t<div class=\"elementor-element elementor-element-6a18278 elementor-widget elementor-widget-spacer\" data-id=\"6a18278\" data-element_type=\"widget\" data-widget_type=\"spacer.default\">\n\t\t\t\t<div class=\"elementor-widget-container\">\n\t\t\t\t\t\t\t<div class=\"elementor-spacer\">\n\t\t\t<div class=\"elementor-spacer-inner\"><\/div>\n\t\t<\/div>\n\t\t\t\t\t\t<\/div>\n\t\t\t\t<\/div>\n\t\t\t\t\t<\/div>\n\t\t<\/div>\n\t\t\t\t\t<\/div>\n\t\t<\/section>\n\t\t\t\t<section class=\"elementor-section elementor-top-section elementor-element elementor-element-482da62 elementor-section-boxed elementor-section-height-default elementor-section-height-default\" data-id=\"482da62\" data-element_type=\"section\">\n\t\t\t\t\t\t<div class=\"elementor-container elementor-column-gap-default\">\n\t\t\t\t\t<div class=\"elementor-column elementor-col-100 elementor-top-column elementor-element elementor-element-d275054\" data-id=\"d275054\" data-element_type=\"column\">\n\t\t\t<div class=\"elementor-widget-wrap elementor-element-populated\">\n\t\t\t\t\t\t<div class=\"elementor-element elementor-element-e4c1761 elementor-widget elementor-widget-heading\" data-id=\"e4c1761\" data-element_type=\"widget\" data-widget_type=\"heading.default\">\n\t\t\t\t<div class=\"elementor-widget-container\">\n\t\t\t\t\t<h2 class=\"elementor-heading-title elementor-size-medium\">Online archives <\/h2>\t\t\t\t<\/div>\n\t\t\t\t<\/div>\n\t\t\t\t\t<\/div>\n\t\t<\/div>\n\t\t\t\t\t<\/div>\n\t\t<\/section>\n\t\t\t\t<section class=\"elementor-section elementor-top-section elementor-element elementor-element-d28bf00 elementor-section-boxed elementor-section-height-default elementor-section-height-default\" data-id=\"d28bf00\" data-element_type=\"section\">\n\t\t\t\t\t\t<div class=\"elementor-container elementor-column-gap-default\">\n\t\t\t\t\t<div class=\"elementor-column elementor-col-100 elementor-top-column elementor-element elementor-element-b4b795a\" data-id=\"b4b795a\" data-element_type=\"column\">\n\t\t\t<div class=\"elementor-widget-wrap elementor-element-populated\">\n\t\t\t\t\t\t<div class=\"elementor-element elementor-element-dfc8622 elementor-widget elementor-widget-text-editor\" data-id=\"dfc8622\" data-element_type=\"widget\" data-widget_type=\"text-editor.default\">\n\t\t\t\t<div class=\"elementor-widget-container\">\n\t\t\t\t\t\t\t\t\t<p><strong>Austrian National Library<\/strong><\/p><ul><li>Website: <a href=\"https:\/\/www.onb.ac.at\">https:\/\/www.onb.ac.at<\/a><\/li><\/ul><p><strong>Bitoteko. Hispana Esperanto-Federacio<\/strong><\/p><ul><li>Website: <a href=\"https:\/\/bitoteko.esperanto.es\/xmlui\/?locale-attribute=eo\">https:\/\/bitoteko.esperanto.es\/xmlui\/?locale-attribute=eo<\/a><\/li><\/ul>\t\t\t\t\t\t\t\t<\/div>\n\t\t\t\t<\/div>\n\t\t\t\t\t<\/div>\n\t\t<\/div>\n\t\t\t\t\t<\/div>\n\t\t<\/section>\n\t\t\t\t<section class=\"elementor-section elementor-top-section elementor-element elementor-element-3c13726 elementor-section-boxed elementor-section-height-default elementor-section-height-default\" data-id=\"3c13726\" data-element_type=\"section\">\n\t\t\t\t\t\t<div class=\"elementor-container elementor-column-gap-default\">\n\t\t\t\t\t<div class=\"elementor-column elementor-col-100 elementor-top-column elementor-element elementor-element-3f8a21e\" data-id=\"3f8a21e\" data-element_type=\"column\">\n\t\t\t<div class=\"elementor-widget-wrap elementor-element-populated\">\n\t\t\t\t\t\t<div class=\"elementor-element elementor-element-6c4fe41 elementor-widget-divider--view-line elementor-widget elementor-widget-divider\" data-id=\"6c4fe41\" data-element_type=\"widget\" data-widget_type=\"divider.default\">\n\t\t\t\t<div class=\"elementor-widget-container\">\n\t\t\t\t\t\t\t<div class=\"elementor-divider\">\n\t\t\t<span class=\"elementor-divider-separator\">\n\t\t\t\t\t\t<\/span>\n\t\t<\/div>\n\t\t\t\t\t\t<\/div>\n\t\t\t\t<\/div>\n\t\t\t\t\t<\/div>\n\t\t<\/div>\n\t\t\t\t\t<\/div>\n\t\t<\/section>\n\t\t\t\t<section class=\"elementor-section elementor-top-section elementor-element elementor-element-aaccf35 elementor-section-boxed elementor-section-height-default elementor-section-height-default\" data-id=\"aaccf35\" data-element_type=\"section\">\n\t\t\t\t\t\t<div class=\"elementor-container elementor-column-gap-default\">\n\t\t\t\t\t<div class=\"elementor-column elementor-col-100 elementor-top-column elementor-element elementor-element-8380000\" data-id=\"8380000\" data-element_type=\"column\">\n\t\t\t<div class=\"elementor-widget-wrap elementor-element-populated\">\n\t\t\t\t\t\t<div class=\"elementor-element elementor-element-bd95a44 elementor-widget elementor-widget-heading\" data-id=\"bd95a44\" data-element_type=\"widget\" data-widget_type=\"heading.default\">\n\t\t\t\t<div class=\"elementor-widget-container\">\n\t\t\t\t\t<h2 class=\"elementor-heading-title elementor-size-medium\">Museums and Libraries <\/h2>\t\t\t\t<\/div>\n\t\t\t\t<\/div>\n\t\t\t\t\t<\/div>\n\t\t<\/div>\n\t\t\t\t\t<\/div>\n\t\t<\/section>\n\t\t\t\t<section class=\"elementor-section elementor-top-section elementor-element elementor-element-7aa894f elementor-section-boxed elementor-section-height-default elementor-section-height-default\" data-id=\"7aa894f\" data-element_type=\"section\">\n\t\t\t\t\t\t<div class=\"elementor-container elementor-column-gap-default\">\n\t\t\t\t\t<div class=\"elementor-column elementor-col-100 elementor-top-column elementor-element elementor-element-d960151\" data-id=\"d960151\" data-element_type=\"column\">\n\t\t\t<div class=\"elementor-widget-wrap elementor-element-populated\">\n\t\t\t\t\t\t<div class=\"elementor-element elementor-element-ddf96b6 elementor-widget elementor-widget-text-editor\" data-id=\"ddf96b6\" data-element_type=\"widget\" data-widget_type=\"text-editor.default\">\n\t\t\t\t<div class=\"elementor-widget-container\">\n\t\t\t\t\t\t\t\t\t<p><strong>Esperanto Museum of the Austrian National Library<\/strong><\/p><ul><li>Website: <a href=\"https:\/\/www.onb.ac.at\/en\/museums\/esperanto-museum\">https:\/\/www.onb.ac.at\/en\/museums\/esperanto-museum<\/a><\/li><li>Location:\u00a0<span style=\"font-size: 16px;\">Palais Mollard,\u00a0<\/span><span style=\"font-size: 16px;\">Herrengasse 9,\u00a0<\/span><span style=\"font-size: 16px;\">1010 Vienna<\/span><\/li><\/ul><p><strong>Esperanto-Biblioteko Ramon Molera Pedrals<\/strong><\/p><ul><li>Website: <a href=\"http:\/\/www.bibliotekomolera.org\/\">http:\/\/www.bibliotekomolera.org\/<\/a><\/li><li>Location: Str. Palau 17, ES-010180 Moi\u00e0 (Barcelona)<\/li><\/ul><p><strong>German Esperanto Library<\/strong><\/p><ul><li>Website: <a href=\"https:\/\/www.esperanto.de\/de\/enhavo\/deutsche-esperanto-bibliothek-aalen\">https:\/\/www.esperanto.de\/de\/enhavo\/deutsche-esperanto-bibliothek-aalen<\/a><\/li><li>Location: Stadtbibliothek Aalen, Gm\u00fcnder Stra\u00dfe 9, D-73430 Aalen<\/li><\/ul><p><strong>Hector Hodler Library<\/strong><\/p><ul><li>Website: <a href=\"https:\/\/uea.org\/asocio\/biblioteko\">https:\/\/uea.org\/asocio\/biblioteko<\/a><\/li><li>Location: Nieuwe Binnenweg 172, 3015 BJ Rotterdam<\/li><\/ul><p><strong>Montagu C. Butler Library<\/strong><\/p><ul><li>Website: <a href=\"https:\/\/legacy.esperanto.org.uk\/eab\/library.htm\">https:\/\/legacy.esperanto.org.uk\/eab\/library.htm<\/a><\/li><li>Location: Barlaston, Stoke-on-Trent, ST12 9DE<\/li><\/ul><p><strong>Esperanto Library in Svitavy<\/strong><\/p><ul><li>Website: <a href=\"http:\/\/www.muzeum.esperanto.cz\/cs\/\">http:\/\/www.muzeum.esperanto.cz\/cs\/<\/a><\/li><li>Location: Ottendorfer\u016fv d\u016fm, N\u00e1m\u011bst\u00ed M\u00edru 81\/1, 568 02 Svitavy\u00a0<\/li><\/ul><p><strong>National Esperanto Library and Archive<\/strong><\/p><ul><li>Website: <a href=\"http:\/\/www.doktoroesperanto.it\/index.php?lang=en\">http:\/\/www.doktoroesperanto.it\/index.php?lang=en<\/a><\/li><li>Location: via Giovanni Sforza, 3 &#8211; 54100 &#8211; Massa (MS)<\/li><\/ul><p><strong>Center for Documentation and Study about the International Language<\/strong><\/p><ul><li>Website: <a href=\"http:\/\/www.cdeli.org\/\">http:\/\/www.cdeli.org\/<\/a><\/li><li>Location: Biblioth\u00e8que de la Ville, Progr\u00e8s 33, CH-2300 La Chaux-de-Fonds<\/li><\/ul>\t\t\t\t\t\t\t\t<\/div>\n\t\t\t\t<\/div>\n\t\t\t\t\t<\/div>\n\t\t<\/div>\n\t\t\t\t\t<\/div>\n\t\t<\/section>\n\t\t\t\t<section class=\"elementor-section elementor-top-section elementor-element elementor-element-5775ab0 elementor-section-boxed elementor-section-height-default elementor-section-height-default\" data-id=\"5775ab0\" data-element_type=\"section\">\n\t\t\t\t\t\t<div class=\"elementor-container elementor-column-gap-default\">\n\t\t\t\t\t<div class=\"elementor-column elementor-col-100 elementor-top-column elementor-element elementor-element-929b50e\" data-id=\"929b50e\" data-element_type=\"column\">\n\t\t\t<div class=\"elementor-widget-wrap elementor-element-populated\">\n\t\t\t\t\t\t<div class=\"elementor-element elementor-element-a0c9d8c elementor-widget-divider--view-line elementor-widget elementor-widget-divider\" data-id=\"a0c9d8c\" data-element_type=\"widget\" data-widget_type=\"divider.default\">\n\t\t\t\t<div class=\"elementor-widget-container\">\n\t\t\t\t\t\t\t<div class=\"elementor-divider\">\n\t\t\t<span class=\"elementor-divider-separator\">\n\t\t\t\t\t\t<\/span>\n\t\t<\/div>\n\t\t\t\t\t\t<\/div>\n\t\t\t\t<\/div>\n\t\t\t\t\t<\/div>\n\t\t<\/div>\n\t\t\t\t\t<\/div>\n\t\t<\/section>\n\t\t\t\t<section class=\"elementor-section elementor-top-section elementor-element elementor-element-af6e3eb elementor-section-boxed elementor-section-height-default elementor-section-height-default\" data-id=\"af6e3eb\" data-element_type=\"section\">\n\t\t\t\t\t\t<div class=\"elementor-container elementor-column-gap-default\">\n\t\t\t\t\t<div class=\"elementor-column elementor-col-100 elementor-top-column elementor-element elementor-element-f3a92ff\" data-id=\"f3a92ff\" data-element_type=\"column\">\n\t\t\t<div class=\"elementor-widget-wrap elementor-element-populated\">\n\t\t\t\t\t\t<div class=\"elementor-element elementor-element-6d67538 elementor-widget elementor-widget-heading\" data-id=\"6d67538\" data-element_type=\"widget\" data-widget_type=\"heading.default\">\n\t\t\t\t<div class=\"elementor-widget-container\">\n\t\t\t\t\t<h2 class=\"elementor-heading-title elementor-size-medium\">Associations<\/h2>\t\t\t\t<\/div>\n\t\t\t\t<\/div>\n\t\t\t\t\t<\/div>\n\t\t<\/div>\n\t\t\t\t\t<\/div>\n\t\t<\/section>\n\t\t\t\t<section class=\"elementor-section elementor-top-section elementor-element elementor-element-5198d77 elementor-section-boxed elementor-section-height-default elementor-section-height-default\" data-id=\"5198d77\" data-element_type=\"section\">\n\t\t\t\t\t\t<div class=\"elementor-container elementor-column-gap-default\">\n\t\t\t\t\t<div class=\"elementor-column elementor-col-100 elementor-top-column elementor-element elementor-element-bb8f6f3\" data-id=\"bb8f6f3\" data-element_type=\"column\">\n\t\t\t<div class=\"elementor-widget-wrap elementor-element-populated\">\n\t\t\t\t\t\t<div class=\"elementor-element elementor-element-4081cf3 elementor-widget elementor-widget-text-editor\" data-id=\"4081cf3\" data-element_type=\"widget\" data-widget_type=\"text-editor.default\">\n\t\t\t\t<div class=\"elementor-widget-container\">\n\t\t\t\t\t\t\t\t\t<p><strong>Universal Esperanto Association (UEA)<\/strong><\/p><ul><li>Website: <a href=\"https:\/\/uea.org\">https:\/\/uea.org<\/a>\u00a0<\/li><li>Location:\u00a0<span style=\"font-size: 16px;\">Universala Esperanto-Asocio,\u00a0<\/span><span style=\"font-size: 16px;\">Nieuwe Binnenweg 176, 3015 BJ Rotterdam,\u00a0<\/span><span style=\"font-size: 16px;\">The Netherlands<\/span><\/li><\/ul><p><strong>Scottish Esperanto Association<\/strong><\/p><ul><li>Website: <a href=\"https:\/\/skotlando.org\">https:\/\/skotlando.org<\/a><\/li><\/ul><p><strong>Esperanto Association of Britain<\/strong><\/p><ul><li>Website: <a href=\"https:\/\/esperanto.org.uk\">https:\/\/esperanto.org.uk<\/a><\/li><li>Location: Esperanto Association of Britain, Esperanto House, Station Road, Barlaston, Staffordshire, ST12 9DE<\/li><\/ul>\t\t\t\t\t\t\t\t<\/div>\n\t\t\t\t<\/div>\n\t\t\t\t\t<\/div>\n\t\t<\/div>\n\t\t\t\t\t<\/div>\n\t\t<\/section>\n\t\t\t\t<\/div>\n\t\t","protected":false},"excerpt":{"rendered":"<p>&nbsp;<\/p>\n","protected":false},"author":5,"featured_media":0,"parent":0,"menu_order":0,"comment_status":"closed","ping_status":"closed","template":"template\/page\/fullwidth.php","meta":{"bgseo_title":"","bgseo_description":"","bgseo_robots_index":"index","bgseo_robots_follow":"follow","site-sidebar-layout":"default","site-content-layout":"default","ast-site-content-layout":"","site-content-style":"default","site-sidebar-style":"default","ast-global-header-display":"","ast-banner-title-visibility":"","ast-main-header-display":"","ast-hfb-above-header-display":"","ast-hfb-below-header-display":"","ast-hfb-mobile-header-display":"","site-post-title":"","ast-breadcrumbs-content":"","ast-featured-img":"","footer-sml-layout":"","theme-transparent-header-meta":"default","adv-header-id-meta":"","stick-header-meta":"","header-above-stick-meta":"","header-main-stick-meta":"","header-below-stick-meta":"","astra-migrate-meta-layouts":"","ast-page-background-enabled":"default","ast-page-background-meta":{"desktop":{"background-color":"","background-image":"","background-repeat":"repeat","background-position":"center center","background-size":"auto","background-attachment":"scroll","background-type":"","background-media":"","overlay-type":"","overlay-color":"","overlay-gradient":""},"tablet":{"background-color":"","background-image":"","background-repeat":"repeat","background-position":"center center","background-size":"auto","background-attachment":"scroll","background-type":"","background-media":"","overlay-type":"","overlay-color":"","overlay-gradient":""},"mobile":{"background-color":"","background-image":"","background-repeat":"repeat","background-position":"center center","background-size":"auto","background-attachment":"scroll","background-type":"","background-media":"","overlay-type":"","overlay-color":"","overlay-gradient":""}},"ast-content-background-meta":{"desktop":{"background-color":"var(--ast-global-color-5)","background-image":"","background-repeat":"repeat","background-position":"center center","background-size":"auto","background-attachment":"scroll","background-type":"","background-media":"","overlay-type":"","overlay-color":"","overlay-gradient":""},"tablet":{"background-color":"var(--ast-global-color-5)","background-image":"","background-repeat":"repeat","background-position":"center center","background-size":"auto","background-attachment":"scroll","background-type":"","background-media":"","overlay-type":"","overlay-color":"","overlay-gradient":""},"mobile":{"background-color":"var(--ast-global-color-5)","background-image":"","background-repeat":"repeat","background-position":"center center","background-size":"auto","background-attachment":"scroll","background-type":"","background-media":"","overlay-type":"","overlay-color":"","overlay-gradient":""}},"footnotes":""},"class_list":["post-530","page","type-page","status-publish","hentry"],"jetpack_sharing_enabled":true,"_links":{"self":[{"href":"https:\/\/www.transnationalhistory.net\/esperanto\/wp-json\/wp\/v2\/pages\/530","targetHints":{"allow":["GET"]}}],"collection":[{"href":"https:\/\/www.transnationalhistory.net\/esperanto\/wp-json\/wp\/v2\/pages"}],"about":[{"href":"https:\/\/www.transnationalhistory.net\/esperanto\/wp-json\/wp\/v2\/types\/page"}],"author":[{"embeddable":true,"href":"https:\/\/www.transnationalhistory.net\/esperanto\/wp-json\/wp\/v2\/users\/5"}],"replies":[{"embeddable":true,"href":"https:\/\/www.transnationalhistory.net\/esperanto\/wp-json\/wp\/v2\/comments?post=530"}],"version-history":[{"count":1,"href":"https:\/\/www.transnationalhistory.net\/esperanto\/wp-json\/wp\/v2\/pages\/530\/revisions"}],"predecessor-version":[{"id":531,"href":"https:\/\/www.transnationalhistory.net\/esperanto\/wp-json\/wp\/v2\/pages\/530\/revisions\/531"}],"wp:attachment":[{"href":"https:\/\/www.transnationalhistory.net\/esperanto\/wp-json\/wp\/v2\/media?parent=530"}],"curies":[{"name":"wp","href":"https:\/\/api.w.org\/{rel}","templated":true}]}}