{"id":94,"date":"2020-09-25T08:23:32","date_gmt":"2020-09-25T08:23:32","guid":{"rendered":"https:\/\/www.transnationalhistory.net\/esperanto\/?page_id=94"},"modified":"2023-08-18T08:13:32","modified_gmt":"2023-08-18T07:13:32","slug":"events-and-engagements","status":"publish","type":"page","link":"https:\/\/www.transnationalhistory.net\/esperanto\/en\/events-and-engagements\/","title":{"rendered":"Events and engagements"},"content":{"rendered":"\t\t<div data-elementor-type=\"wp-page\" data-elementor-id=\"94\" class=\"elementor elementor-94\">\n\t\t\t\t\t\t<section class=\"elementor-section elementor-top-section elementor-element elementor-element-a47ebef elementor-section-boxed elementor-section-height-default elementor-section-height-default\" data-id=\"a47ebef\" data-element_type=\"section\">\n\t\t\t\t\t\t<div class=\"elementor-container elementor-column-gap-default\">\n\t\t\t\t\t<div class=\"elementor-column elementor-col-100 elementor-top-column elementor-element elementor-element-fbe6b1d\" data-id=\"fbe6b1d\" data-element_type=\"column\">\n\t\t\t<div class=\"elementor-widget-wrap elementor-element-populated\">\n\t\t\t\t\t\t<div class=\"elementor-element elementor-element-de648e9 elementor-widget-divider--view-line elementor-widget elementor-widget-divider\" data-id=\"de648e9\" data-element_type=\"widget\" data-widget_type=\"divider.default\">\n\t\t\t\t<div class=\"elementor-widget-container\">\n\t\t\t\t\t\t\t<div class=\"elementor-divider\">\n\t\t\t<span class=\"elementor-divider-separator\">\n\t\t\t\t\t\t<\/span>\n\t\t<\/div>\n\t\t\t\t\t\t<\/div>\n\t\t\t\t<\/div>\n\t\t\t\t\t<\/div>\n\t\t<\/div>\n\t\t\t\t\t<\/div>\n\t\t<\/section>\n\t\t\t\t<section class=\"elementor-section elementor-top-section elementor-element elementor-element-cb2114f elementor-section-boxed elementor-section-height-default elementor-section-height-default\" data-id=\"cb2114f\" data-element_type=\"section\">\n\t\t\t\t\t\t<div class=\"elementor-container elementor-column-gap-default\">\n\t\t\t\t\t<div class=\"elementor-column elementor-col-100 elementor-top-column elementor-element elementor-element-792fbe8\" data-id=\"792fbe8\" data-element_type=\"column\">\n\t\t\t<div class=\"elementor-widget-wrap elementor-element-populated\">\n\t\t\t\t\t\t<div class=\"elementor-element elementor-element-e3ec42e elementor-widget elementor-widget-heading\" data-id=\"e3ec42e\" data-element_type=\"widget\" data-widget_type=\"heading.default\">\n\t\t\t\t<div class=\"elementor-widget-container\">\n\t\t\t\t\t<h2 class=\"elementor-heading-title elementor-size-default\">Events and engagements<\/h2>\t\t\t\t<\/div>\n\t\t\t\t<\/div>\n\t\t\t\t\t<\/div>\n\t\t<\/div>\n\t\t\t\t\t<\/div>\n\t\t<\/section>\n\t\t\t\t<section class=\"elementor-section elementor-top-section elementor-element elementor-element-d9f5b97 elementor-section-boxed elementor-section-height-default elementor-section-height-default\" data-id=\"d9f5b97\" data-element_type=\"section\">\n\t\t\t\t\t\t<div class=\"elementor-container elementor-column-gap-default\">\n\t\t\t\t\t<div class=\"elementor-column elementor-col-100 elementor-top-column elementor-element elementor-element-a50eea4\" data-id=\"a50eea4\" data-element_type=\"column\">\n\t\t\t<div class=\"elementor-widget-wrap elementor-element-populated\">\n\t\t\t\t\t\t<div class=\"elementor-element elementor-element-0419b30 elementor-widget elementor-widget-spacer\" data-id=\"0419b30\" data-element_type=\"widget\" data-widget_type=\"spacer.default\">\n\t\t\t\t<div class=\"elementor-widget-container\">\n\t\t\t\t\t\t\t<div class=\"elementor-spacer\">\n\t\t\t<div class=\"elementor-spacer-inner\"><\/div>\n\t\t<\/div>\n\t\t\t\t\t\t<\/div>\n\t\t\t\t<\/div>\n\t\t\t\t\t<\/div>\n\t\t<\/div>\n\t\t\t\t\t<\/div>\n\t\t<\/section>\n\t\t\t\t<section class=\"elementor-section elementor-top-section elementor-element elementor-element-6d3dc03 elementor-section-boxed elementor-section-height-default elementor-section-height-default\" data-id=\"6d3dc03\" data-element_type=\"section\">\n\t\t\t\t\t\t<div class=\"elementor-container elementor-column-gap-default\">\n\t\t\t\t\t<div class=\"elementor-column elementor-col-66 elementor-top-column elementor-element elementor-element-322d6b2\" data-id=\"322d6b2\" data-element_type=\"column\">\n\t\t\t<div class=\"elementor-widget-wrap elementor-element-populated\">\n\t\t\t\t\t\t<div class=\"elementor-element elementor-element-10d19b5 elementor-widget elementor-widget-text-editor\" data-id=\"10d19b5\" data-element_type=\"widget\" data-widget_type=\"text-editor.default\">\n\t\t\t\t<div class=\"elementor-widget-container\">\n\t\t\t\t\t\t\t\t\t<h2 style=\"text-align: center;\">\u2014 Upcoming events \u2014<\/h2><h2 style=\"font-style: normal; text-align: center;\">\u00a0<\/h2><p style=\"margin: 0cm 0cm 8pt; line-height: 15.6933px; font-size: 11pt; font-family: Calibri, sans-serif; color: #000000; font-style: normal; text-align: center;\" align=\"center\"><b>Mapping multilingual (counter-)expertises: Scientific and political knowledge production across borders in the long twentieth century<\/b><\/p><p>Workshop CFP\u00a0<\/p><p>Date: 23-24 August 2023<\/p><p>CFP Deadline: 30 January 2023<\/p><p>Organisers: Dr Guilherme Fians and Bernhard Struck\u00a0<\/p><p>See the full CFP and details\u00a0<a href=\"https:\/\/www.transnationalhistory.net\/esperanto\/wp-content\/uploads\/2022\/12\/Conference-Call-for-Papers.-Mapping-multilingual-counter-expertises.pdf\" target=\"_blank\" rel=\"noopener\">here<\/a>.<\/p><h2 style=\"text-align: center;\">\u2014\u00a0Past events \u2014<\/h2><p>\u00a0<\/p><p style=\"text-align: center;\"><strong>&#8220;Popularising History Through Esperanto&#8221;<\/strong><\/p><p>Pilar Requejo de Lamo<\/p><p><em>History Lab+ 2023 Early-Career Conference: Making History<\/em><\/p><p>Conference\/Symposium<\/p><p>27 July 2023<\/p><p>Senate House, London<\/p><p>Full programme <a href=\"https:\/\/thehistorylabplus.wordpress.com\/programme\/\">here<\/a>.<\/p><h2 style=\"font-style: normal; text-align: center;\">\u2014<\/h2><p style=\"text-align: center;\"><strong>Transnational Societies and Organisations and New Sociabilities<\/strong><\/p><p>Workshop CFP<\/p><p>Date: 5-7 July 2023<\/p><p>Venue: Paris, Campus Condorcet<\/p><p>See the full CFP and details <a href=\"https:\/\/www.transnationalhistory.net\/esperanto\/en\/transnational-societies-and-organisations-and-new-sociabilities\/\">here<\/a>.<\/p><h2 style=\"font-style: normal; text-align: center;\">\u2014<\/h2><p style=\"font-size: 15px; font-style: normal; text-align: left;\" align=\"center\"><span style=\"font-size: 15px; color: #000000;\"><strong style=\"font-size: 15px;\">Esperanto Wor(l)ds: Scotland, Postcards, and the Creation of an International Language<\/strong><\/span><\/p><p style=\"font-size: 15px; font-style: normal; text-align: left;\" align=\"center\"><span style=\"font-size: 15px; font-style: normal;\">Exhibition<\/span><\/p><p style=\"font-size: 15px; font-style: normal; text-align: left;\" align=\"center\">Date: 13 April &#8211; 29 May 2023<\/p><p style=\"font-size: 15px; font-style: normal; text-align: left;\" align=\"center\">Wardlaw Museum<\/p><p style=\"font-size: 15px; font-style: normal; text-align: left;\" align=\"center\">7 The Scores, St Andrews, KY16 9AR<\/p><p style=\"font-size: 15px; font-style: normal; text-align: left;\" align=\"center\">Click\u00a0<a style=\"font-size: 15px;\" href=\"https:\/\/www.transnationalhistory.net\/esperanto\/en\/esperanto-worlds\/\">here<\/a>\u00a0for more information.<\/p><h2 style=\"font-style: normal; text-align: center;\">\u2014<\/h2><p style=\"text-align: left;\">Pilar Requejo de Lamo<\/p><p><strong>&#8220;Between Internationalism and Nationalism: the Esperanto Movement in the early 20th century in the Iberian Peninsula&#8221;<\/strong><\/p><p><em>Transnational Activism in a Divided World: The Regional within the Global<\/em><\/p><p>Workshop<\/p><p>25 March 2023<\/p><p>Northumbria University, Newcastle<\/p><h2 style=\"font-style: normal; text-align: center;\">\u2014<\/h2><p>Bernhard Struck<\/p><p><strong>&#8220;Esperanto, its history, makers, shakers, travellers between Dundee, Bohemia &amp; Osijek c.1900-1930s&#8221;<\/strong><\/p><p>Tuesday, 7 March 2023, University of St Andrews<\/p><h2 style=\"font-style: normal; text-align: center;\">\u2014<\/h2><p>Bernhard Struck<\/p><p><strong>&#8220;A Language &#8216;Better than Football&#8217;: A Nigerian Engineer, a German Chemist, and a Guy from Hollywood \u2014 Toward a Transnational History of Esperanto&#8221;<\/strong><\/p><p>Wednesday, 8 February 2023, University of St Andrews<\/p><h2 style=\"font-style: normal; text-align: center;\">\u2014<\/h2><p style=\"font-size: 15px; font-style: normal; font-weight: 400;\"><span style=\"font-size: 15px; font-weight: bold;\">Pazifismus in der Praxis \/ Le pacifisme en pratique<\/span><\/p><p style=\"font-size: 15px; font-style: normal; font-weight: 400;\">The\u00a0<em style=\"font-size: 15px;\">Atelier Jeunes Chercheurs de l&#8217;Universit\u00e9 Franco-Allemande\u00a0<\/em>will be hosting this year&#8217;s workshop &#8216;Pazifismus in der Praxis \/ Le pacifisme en pratique&#8217; in Bonn (6-8 September 2022).<\/p><p style=\"font-size: 15px; font-style: normal; font-weight: 400;\">See the full programme\u00a0<a style=\"font-size: 15px;\" href=\"https:\/\/www.transnationalhistory.net\/esperanto\/en\/pazifismus-in-der-praxis-le-pacifisme-en-pratique\/\">here<\/a>.<\/p><h2 style=\"font-style: normal; text-align: center;\">\u2014<\/h2><p><a href=\"https:\/\/www.sgsah.ac.uk\/summer-school-2021\/tuesday-sessions\/headline_794304_en.html\"><strong>Transnational History as Spatial History: The Case of the Esperanto Movement in the Early 20th Century<\/strong><\/a><\/p><p>22 June 2021, Scottish Graduate School for the Arts &amp; Humanities<\/p><h2 style=\"font-style: normal; text-align: center;\">\u2014<\/h2><p><strong>Practiques des langues en contexte transnational \/ Sprachpraktiken in transnationalen Kontexten<\/strong><\/p><p>6-8 September 2021, Centre Marc Bloch &#8211; Atelier Jeunes Chercheur.e.s de l&#8217;Universit\u00e9 Franco-Allemande \/<\/p><p>Forschungsatelier fu\u0308r Nachwuchswissenschaftler*innen der Deutsch-Franz\u00f6sischen Hochschule<\/p><p><a href=\"https:\/\/www.transnationalhistory.net\/esperanto\/pratiques-des-langues-en-contexte-transnational-sprachpraktiken-in-transnationalen-kontexten\/\">Full Programme<\/a><\/p><p><a href=\"https:\/\/www.transnationalhistory.net\/esperanto\/wp-content\/uploads\/2021\/12\/IMG_0086.heic\"><img decoding=\"async\" src=\"https:\/\/www.transnationalhistory.net\/esperanto\/wp-content\/uploads\/2021\/12\/IMG_0086.heic\" alt=\"\" width=\"1\" height=\"1\" \/><img fetchpriority=\"high\" decoding=\"async\" src=\"https:\/\/www.transnationalhistory.net\/esperanto\/wp-content\/uploads\/2021\/12\/IMG_0084-1-scaled.jpg\" alt=\"\" width=\"2560\" height=\"1920\" \/><\/a><\/p><h2><img decoding=\"async\" src=\"https:\/\/www.transnationalhistory.net\/esperanto\/wp-content\/uploads\/2021\/12\/IMG_0086-1-scaled.jpg\" alt=\"\" width=\"2560\" height=\"1920\" \/><\/h2><h2 style=\"font-style: normal; text-align: center;\">\u2014<\/h2><p style=\"font-size: 15px; font-style: normal; font-weight: 400;\"><span style=\"font-size: 15px; font-weight: 400;\">Manuela Burghelea\u00a0<\/span><\/p><p style=\"font-size: 15px; font-style: normal; font-weight: 400;\"><span style=\"font-weight: bold;\">Kosmopolitismo &#8211; la kazo de Esperanto (Cosmopolitanism &#8211; the case of Esperanto)\u00a0<\/span><\/p><p style=\"font-size: 15px; font-style: normal; font-weight: 400;\"><span style=\"font-size: 15px; font-weight: 400;\">5 December 2020, online conference of the Brazilian Esperanto League, Gaucho Esperanto Association\u00a0<\/span><\/p><div style=\"font-size: 15px; font-style: normal; font-weight: 400;\"><h2 style=\"font-style: normal; text-align: center;\">\u2014<\/h2><div><span style=\"font-size: 15px; font-weight: 400;\">Bernhard Struck and Marcel Koschek\u00a0<\/span><\/div><div><span style=\"font-size: 15px; font-weight: 400;\">\u00a0<\/span><\/div><\/div><p style=\"font-size: 15px; font-style: normal;\"><a style=\"font-size: 15px; background-color: #ffffff;\" href=\"https:\/\/www.dhi.waw.pl\/aktuelle-meldungen\/detail\/news\/die-esperantobewegung-in-ostmitteleuropa.html\" target=\"_blank\" rel=\"noopener\"><b>Polnische Esperantisten als lokale Internationalisten? Die Esperantobewegung in Ostmitteleuropa, 1880s-1930<\/b><\/a>\u00a0<span style=\"font-weight: bold; font-size: 15px;\">(Polish Esperantists as local internationalists? The Esperanto movement in east central Europe, 1880s-1930s)\u00a0<\/span><\/p><p style=\"font-size: 15px; font-style: normal; font-weight: 400;\"><span style=\"font-size: 15px; font-weight: 400;\">27 October 2020,\u00a0<\/span><a style=\"font-size: 15px;\" href=\"https:\/\/www.dhi.waw.pl\/\" target=\"_blank\" rel=\"noopener\">German Historical Institute<\/a><span style=\"font-size: 15px; font-weight: 400;\">, Warsaw\u00a0<\/span><\/p><div><h2 style=\"font-style: normal; text-align: center;\">\u2014<\/h2><div><p style=\"font-size: 15px; font-style: normal; font-weight: 400;\"><span style=\"font-size: 15px; font-weight: 400;\">Bernhard Struck\u00a0<\/span><\/p><p style=\"font-size: 15px; font-style: normal;\"><a style=\"font-size: 15px; background-color: #ffffff;\" href=\"http:\/\/www.cefres.cz\/en\/events\/event\/transnational_history-2\" target=\"_blank\" rel=\"noopener\"><b>Transnational History as Spatial History. The case of the Esperanto Movement in the early 20th century<\/b><\/a><\/p><p style=\"font-size: 15px; font-style: normal; font-weight: 400;\"><span style=\"font-size: 15px; font-weight: 400;\">14 October 2020,\u00a0<\/span><a style=\"font-size: 15px;\" href=\"http:\/\/cefres.cz\/en\/cefres\" target=\"_blank\" rel=\"noopener\">CEFRES<\/a><span style=\"font-size: 15px; font-weight: 400;\">, S\u00e9minaire \u00e9pist\u00e9mologique\u00a0<\/span><\/p><h2 style=\"font-style: normal; text-align: center;\">\u2014<\/h2><\/div><div><\/div><\/div><p><span style=\"font-size: 15px; font-weight: 400;\">Pilar Requejo de Lamo<\/span><\/p><p><strong>The Esperanto Movement as a Transnational Network for the Promotion of Regional Cultures<\/strong><\/p><p><span style=\"font-weight: 400;\">26 May 2020, 14th Graduate Conference in European History (<\/span><a href=\"https:\/\/graceh2020.wordpress.com\/\" target=\"_blank\" rel=\"noopener\">GRACEH<\/a><span style=\"font-weight: 400;\">), European University Institute<\/span><\/p><h2 style=\"font-style: normal; text-align: center;\">\u2014<\/h2><p style=\"font-size: 15px; font-style: normal; font-weight: 400;\"><span style=\"font-size: 15px; font-weight: 400;\">Marcel Koschek and Bernhard Struck\u00a0<\/span><\/p><p style=\"font-size: 15px; font-style: normal; font-weight: 400;\"><span style=\"font-size: 15px; font-weight: bold;\">Up and Down the Scales. Visualising the Esperanto Movement around 1900\u00a0<\/span><\/p><p style=\"font-size: 15px; font-style: normal; font-weight: 400;\"><span style=\"font-size: 15px; font-weight: 400;\">27 February 2020, University of Manchester<\/span><\/p><h2 style=\"font-style: normal; text-align: center;\"><span style=\"font-size: 2rem; font-style: normal; font-weight: 400;\">\u2014<\/span><\/h2><div><p>Bernhard Struck<\/p><\/div><p><b>Esperanto Expertise? Local Actors &#8211; Transnational Knowledge in the Early Twentieth Century<\/b>\u00a0<\/p><p>19 June 2019,\u00a0<a href=\"https:\/\/grainesnetwork.com\/\" target=\"_blank\" rel=\"noopener\">Graines<\/a>\u00a0Summer School, Charles University, Prague\u00a0<\/p><div><\/div><p><span style=\"font-weight: 400;\">\u00a0<\/span><\/p>\t\t\t\t\t\t\t\t<\/div>\n\t\t\t\t<\/div>\n\t\t\t\t\t<\/div>\n\t\t<\/div>\n\t\t\t\t<div class=\"elementor-column elementor-col-33 elementor-top-column elementor-element elementor-element-60e1886\" data-id=\"60e1886\" data-element_type=\"column\">\n\t\t\t<div class=\"elementor-widget-wrap elementor-element-populated\">\n\t\t\t\t\t\t<div class=\"elementor-element elementor-element-0eeece1 elementor-widget elementor-widget-wp-widget-calendar\" data-id=\"0eeece1\" data-element_type=\"widget\" data-widget_type=\"wp-widget-calendar.default\">\n\t\t\t\t<div class=\"elementor-widget-container\">\n\t\t\t\t\t<div id=\"calendar_wrap\" class=\"calendar_wrap\"><table id=\"wp-calendar\" class=\"wp-calendar-table\">\n\t<caption>April 2026<\/caption>\n\t<thead>\n\t<tr>\n\t\t<th scope=\"col\" aria-label=\"Monday\">M<\/th>\n\t\t<th scope=\"col\" aria-label=\"Tuesday\">T<\/th>\n\t\t<th scope=\"col\" aria-label=\"Wednesday\">W<\/th>\n\t\t<th scope=\"col\" aria-label=\"Thursday\">T<\/th>\n\t\t<th scope=\"col\" aria-label=\"Friday\">F<\/th>\n\t\t<th scope=\"col\" aria-label=\"Saturday\">S<\/th>\n\t\t<th scope=\"col\" aria-label=\"Sunday\">S<\/th>\n\t<\/tr>\n\t<\/thead>\n\t<tbody>\n\t<tr>\n\t\t<td colspan=\"2\" class=\"pad\">&nbsp;<\/td><td>1<\/td><td>2<\/td><td>3<\/td><td>4<\/td><td>5<\/td>\n\t<\/tr>\n\t<tr>\n\t\t<td>6<\/td><td>7<\/td><td>8<\/td><td>9<\/td><td>10<\/td><td>11<\/td><td>12<\/td>\n\t<\/tr>\n\t<tr>\n\t\t<td>13<\/td><td>14<\/td><td>15<\/td><td>16<\/td><td>17<\/td><td>18<\/td><td id=\"today\">19<\/td>\n\t<\/tr>\n\t<tr>\n\t\t<td>20<\/td><td>21<\/td><td>22<\/td><td>23<\/td><td>24<\/td><td>25<\/td><td>26<\/td>\n\t<\/tr>\n\t<tr>\n\t\t<td>27<\/td><td>28<\/td><td>29<\/td><td>30<\/td>\n\t\t<td class=\"pad\" colspan=\"3\">&nbsp;<\/td>\n\t<\/tr>\n\t<\/tbody>\n\t<\/table><nav aria-label=\"Previous and next months\" class=\"wp-calendar-nav\">\n\t\t<span class=\"wp-calendar-nav-prev\"><a href=\"https:\/\/www.transnationalhistory.net\/esperanto\/2023\/06\/\">&laquo; Jun<\/a><\/span>\n\t\t<span class=\"pad\">&nbsp;<\/span>\n\t\t<span class=\"wp-calendar-nav-next\">&nbsp;<\/span>\n\t<\/nav><\/div>\t\t\t\t<\/div>\n\t\t\t\t<\/div>\n\t\t\t\t\t<\/div>\n\t\t<\/div>\n\t\t\t\t\t<\/div>\n\t\t<\/section>\n\t\t\t\t<\/div>\n\t\t","protected":false},"excerpt":{"rendered":"<p>Events and engagements \u2014 Upcoming events \u2014 \u00a0 Mapping multilingual (counter-)expertises: Scientific and political knowledge production across borders in the long twentieth century Workshop CFP\u00a0 Date: 23-24 August 2023 CFP Deadline: 30 January 2023 Organisers: Dr Guilherme Fians and Bernhard Struck\u00a0 See the full CFP and details\u00a0here. \u2014\u00a0Past events \u2014 \u00a0 &#8220;Popularising History Through Esperanto&#8221; &hellip;<\/p>\n<p class=\"read-more\"> <a class=\"\" href=\"https:\/\/www.transnationalhistory.net\/esperanto\/en\/events-and-engagements\/\"> <span class=\"screen-reader-text\">Events and engagements<\/span> Read More &raquo;<\/a><\/p>\n","protected":false},"author":5,"featured_media":0,"parent":0,"menu_order":0,"comment_status":"closed","ping_status":"closed","template":"","meta":{"bgseo_title":"","bgseo_description":"","bgseo_robots_index":"index","bgseo_robots_follow":"follow","site-sidebar-layout":"no-sidebar","site-content-layout":"page-builder","ast-site-content-layout":"","site-content-style":"default","site-sidebar-style":"default","ast-global-header-display":"","ast-banner-title-visibility":"","ast-main-header-display":"","ast-hfb-above-header-display":"","ast-hfb-below-header-display":"","ast-hfb-mobile-header-display":"","site-post-title":"disabled","ast-breadcrumbs-content":"","ast-featured-img":"disabled","footer-sml-layout":"","theme-transparent-header-meta":"default","adv-header-id-meta":"","stick-header-meta":"","header-above-stick-meta":"","header-main-stick-meta":"","header-below-stick-meta":"","astra-migrate-meta-layouts":"","ast-page-background-enabled":"default","ast-page-background-meta":{"desktop":{"background-color":"","background-image":"","background-repeat":"repeat","background-position":"center center","background-size":"auto","background-attachment":"scroll","background-type":"","background-media":"","overlay-type":"","overlay-color":"","overlay-gradient":""},"tablet":{"background-color":"","background-image":"","background-repeat":"repeat","background-position":"center center","background-size":"auto","background-attachment":"scroll","background-type":"","background-media":"","overlay-type":"","overlay-color":"","overlay-gradient":""},"mobile":{"background-color":"","background-image":"","background-repeat":"repeat","background-position":"center center","background-size":"auto","background-attachment":"scroll","background-type":"","background-media":"","overlay-type":"","overlay-color":"","overlay-gradient":""}},"ast-content-background-meta":{"desktop":{"background-color":"var(--ast-global-color-5)","background-image":"","background-repeat":"repeat","background-position":"center center","background-size":"auto","background-attachment":"scroll","background-type":"","background-media":"","overlay-type":"","overlay-color":"","overlay-gradient":""},"tablet":{"background-color":"var(--ast-global-color-5)","background-image":"","background-repeat":"repeat","background-position":"center center","background-size":"auto","background-attachment":"scroll","background-type":"","background-media":"","overlay-type":"","overlay-color":"","overlay-gradient":""},"mobile":{"background-color":"var(--ast-global-color-5)","background-image":"","background-repeat":"repeat","background-position":"center center","background-size":"auto","background-attachment":"scroll","background-type":"","background-media":"","overlay-type":"","overlay-color":"","overlay-gradient":""}},"footnotes":""},"class_list":["post-94","page","type-page","status-publish","hentry"],"jetpack_sharing_enabled":true,"_links":{"self":[{"href":"https:\/\/www.transnationalhistory.net\/esperanto\/wp-json\/wp\/v2\/pages\/94","targetHints":{"allow":["GET"]}}],"collection":[{"href":"https:\/\/www.transnationalhistory.net\/esperanto\/wp-json\/wp\/v2\/pages"}],"about":[{"href":"https:\/\/www.transnationalhistory.net\/esperanto\/wp-json\/wp\/v2\/types\/page"}],"author":[{"embeddable":true,"href":"https:\/\/www.transnationalhistory.net\/esperanto\/wp-json\/wp\/v2\/users\/5"}],"replies":[{"embeddable":true,"href":"https:\/\/www.transnationalhistory.net\/esperanto\/wp-json\/wp\/v2\/comments?post=94"}],"version-history":[{"count":10,"href":"https:\/\/www.transnationalhistory.net\/esperanto\/wp-json\/wp\/v2\/pages\/94\/revisions"}],"predecessor-version":[{"id":1454,"href":"https:\/\/www.transnationalhistory.net\/esperanto\/wp-json\/wp\/v2\/pages\/94\/revisions\/1454"}],"wp:attachment":[{"href":"https:\/\/www.transnationalhistory.net\/esperanto\/wp-json\/wp\/v2\/media?parent=94"}],"curies":[{"name":"wp","href":"https:\/\/api.w.org\/{rel}","templated":true}]}}