{"id":949,"date":"2021-09-02T07:54:40","date_gmt":"2021-09-02T06:54:40","guid":{"rendered":"https:\/\/www.transnationalhistory.net\/esperanto\/?page_id=949"},"modified":"2021-09-02T08:04:02","modified_gmt":"2021-09-02T07:04:02","slug":"pratiques-des-langues-en-contexte-transnational-sprachpraktiken-in-transnationalen-kontexten","status":"publish","type":"page","link":"https:\/\/www.transnationalhistory.net\/esperanto\/pratiques-des-langues-en-contexte-transnational-sprachpraktiken-in-transnationalen-kontexten\/","title":{"rendered":"Pratiques des langues en contexte transnational \/ Sprachpraktiken in transnationalen Kontexten"},"content":{"rendered":"\t\t<div data-elementor-type=\"wp-page\" data-elementor-id=\"949\" class=\"elementor elementor-949\">\n\t\t\t\t\t\t<section class=\"elementor-section elementor-top-section elementor-element elementor-element-48cabc31 elementor-section-boxed elementor-section-height-default elementor-section-height-default\" data-id=\"48cabc31\" data-element_type=\"section\">\n\t\t\t\t\t\t<div class=\"elementor-container elementor-column-gap-default\">\n\t\t\t\t\t<div class=\"elementor-column elementor-col-100 elementor-top-column elementor-element elementor-element-747172f5\" data-id=\"747172f5\" data-element_type=\"column\">\n\t\t\t<div class=\"elementor-widget-wrap elementor-element-populated\">\n\t\t\t\t\t\t<div class=\"elementor-element elementor-element-2f8010ac elementor-widget elementor-widget-text-editor\" data-id=\"2f8010ac\" data-element_type=\"widget\" data-widget_type=\"text-editor.default\">\n\t\t\t\t<div class=\"elementor-widget-container\">\n\t\t\t\t\t\t\t\t\t<div class=\"boldgrid-section\">\n<div class=\"container\">\n<div class=\"row\">\n<div class=\"col-md-12 col-xs-12 col-sm-12\">\n\n&nbsp;\n\n<\/div>\n<\/div>\n<\/div>\n<\/div>\t\t\t\t\t\t\t\t<\/div>\n\t\t\t\t<\/div>\n\t\t\t\t\t<\/div>\n\t\t<\/div>\n\t\t\t\t\t<\/div>\n\t\t<\/section>\n\t\t\t\t<section class=\"elementor-section elementor-top-section elementor-element elementor-element-51d74e2 elementor-section-boxed elementor-section-height-default elementor-section-height-default\" data-id=\"51d74e2\" data-element_type=\"section\">\n\t\t\t\t\t\t<div class=\"elementor-container elementor-column-gap-default\">\n\t\t\t\t\t<div class=\"elementor-column elementor-col-100 elementor-top-column elementor-element elementor-element-81d946d\" data-id=\"81d946d\" data-element_type=\"column\">\n\t\t\t<div class=\"elementor-widget-wrap elementor-element-populated\">\n\t\t\t\t\t\t<div class=\"elementor-element elementor-element-1873e21 elementor-widget elementor-widget-text-editor\" data-id=\"1873e21\" data-element_type=\"widget\" data-widget_type=\"text-editor.default\">\n\t\t\t\t<div class=\"elementor-widget-container\">\n\t\t\t\t\t\t\t\t\t<p><em>6-8 septembre 2021 \/ 6-8. September 2021<\/em><\/p><p>Atelier Jeunes Chercheur.e.s de l\u2019Universit\u00e9 Franco-Allemande \/\u00a0Forschungsatelier fu\u0308r Nachwuchswissenschaftler*innen der Deutsch-Franz\u00f6sischen Hochschule<\/p><p><strong>Comit\u00e9\/Veranstalter<\/strong>: Martin Aust (Bonn), Pascal Dubourg Glatigny (Paris), Denis Eckert<\/p><p>(Berlin\/Paris), Bernhard Struck (St Andrews).<\/p><p><strong>Coordination scientifique \/ Wissenschaftliche Koordination, Centre Marc Bloch :<\/strong> Denis Eckert<\/p><p>L\u2019atelier se d\u00e9roule en fran\u00e7ais, allemand et anglais, sans traduction.<\/p><p>Arbeitssprachen sind Franz\u00f6sisch, Englisch und Deutsch ohne \u00dcbersetzung.<\/p><p>Outre les participant.e.s pr\u00e9sentant une communication, le s\u00e9minaire pourra accueillir des auditrices et auditeurs, sur inscription\u00a0pr\u00e9alable et dans la mesure des places disponibles, (et des r\u00e8gles sanitaires). Pour s\u2019inscrire: eckert@cmb.hu-berlin.de<\/p><p>Zus\u00e4tzlich zu den Teilnehmenden, die ein Referat halten, kann das Seminar nach vorheriger Anmeldung und vorbehaltlich der\u00a0Verfu\u0308gbarkeit von Pl\u00e4tzen (und sanit\u00e4rer Vorschriften) auch Zuh\u00f6renden aufnehmen.\u00a0Zur Anmeldung: eckert@cmb.hu-berlin.de<\/p><p><strong>Lundi 6 septembre 2021 \/ Montag, 6. September 2021<\/strong><\/p><p><strong>13.30-13.45<\/strong><\/p><p>Le cycle des 3 workshops : objectifs scientifiques et de formation \/ Der Zyklus der 3 Workshops :<\/p><p>wissenschaftliche Ziele und Organisation<\/p><p><strong>13.45-14:15<\/strong> Introduction g\u00e9n\u00e9rale \u00e0 l\u2019atelier \/ Einfu\u0308hrung in den Workshop<\/p><p>Denis Eckert \u2013 Martin Aust &#8211; Pascal Dubourg &#8211; Bernhard Struck<\/p><p><strong>14.30-16.00<\/strong> La constitution des langues \u00e0 travers la circulation des textes \/ Die Konstitution von\u00a0Sprachen durch die Zirkulation von Texten<\/p><p>\u00ab <em>La diffusion internationale des premiers \u00e9crits de l\u2019esp\u00e9ranto<\/em> \u00bb Denis Eckert<\/p><p>\u00ab <em>Sprache schafft Gemeinschaft? Nationsidee und publizistische Praktiken in der Zeitschrift Nova\u00a0<\/em><em>Evropa im ersten Jugoslawien (1920-29)<\/em> \u00bb &#8211; Paula Seidel (Viadrina Universit\u00e4t Frankfurt\/Oder).<\/p><p><strong>16.00 \u2013 16.30<\/strong> Pause-caf\u00e9 \/ Kaffeepause<\/p><p><strong>16.30-18.30<\/strong><\/p><p>Pr\u00e9sentation de projets de m\u00e9moires et de recherche des participant.e.s \/ Pr\u00e4sentationen von\u00a0Forschungsarbeiten der Teilnehmenden<\/p><p>Intervenants \/ Vortragende<\/p><p>Leonardo Capanni (Universit\u00e9 Paris I), Guilherme Fians (Universidade de Brasilia), Laura Pettinaroli\u00a0(Institut Catholique de Paris \/ \u00c9cole Fran\u00e7aise de Rome), Burak Sayim (Zeit Stiftung fellow), Tyron\u00a0Surmon (University of Missouri), Claire Taylor (University of St Andrews).<\/p><p>Discussion sur l\u2019ancrage des projets dans la th\u00e9matique de l\u2019atelier. \/ Diskussion u\u0308ber die Verortung\u00a0der Projekte innerhalb der Workshopthematik<\/p><p><strong>19.30 &#8211; Soir\u00e9e<\/strong> : d\u00eener de l\u2019atelier \/ Abends : Workshop-Dinner<\/p><p><strong>mardi 7 septembre 2021 \/ Dienstag, 7. September 2021<\/strong><\/p><p><strong>9.30-11.00<\/strong> Les multiples cat\u00e9gories des relations entre les nations : transnational, global,\u00a0internationalisme, supra-national, esp\u00e9rantisme. \/ Kategorien der Beziehungen zwischen Nationen:\u00a0transnational, global, international, supranational, Esperanto.<\/p><p>\u00ab <em>Esperanto, lokale Internationalisten und \u201emond\u00e4ner\u201c Internationalismus<\/em> \u00bb, Bernhard Struck\u00a0(University of St Andrews)<\/p><p>\u00ab <em>Esperanto in the early 20th century Red Cross movement: International communication and\u00a0<\/em><em>humanitarian neutrality<\/em> \u00bb, Maria Rosa Garrido Sarda (Universit\u00e9 de Lausanne)<\/p><p><strong>11:30-13:00<\/strong> Le cas ib\u00e9rique \/ Der iberische Fall<\/p><p>\u00ab <em>Regionalism, nationalism, internationalism and Esperanto : the case of Iberia<\/em> \u00bb, Pilar Requejo de\u00a0Lamo (University of St Andrews)<\/p><p>\u00ab <em>L\u2019Esp\u00e9ranto dans la guerre d\u2019Espagne : de l\u2019internationalisme \u00e0 l\u2019esp\u00e9rantisme<\/em> ?\u00bb, Javier Alcalde\u00a0(Universitat Aut\u00f2noma de Barcelona)<\/p><p><strong>D\u00e9jeuner sur place \/ Mittagessen vor Ort<\/strong><\/p><p><strong>14.30-16.00<\/strong> Le r\u00f4le des associations dans le d\u00e9veloppement des langues \/ Die Rolle von\u00a0Assoziationen in der Entwicklung von Sprachen<\/p><p>\u00ab <em>Les associations \u00ab allemandes \u00bb en Lettonie et en Estonie entre perestro\u00efka et premi\u00e8res ann\u00e9es\u00a0<\/em><em>de l&#8217;ind\u00e9pendance : enjeux de l\u2019apprentissage de l\u2019allemand dans un contexte plurilingue\u00bb,<\/em> Lucie\u00a0Lamy (Universit\u00e9 de Paris)<\/p><p>\u00ab <em>The role of esperantist associations in the development of the language<\/em> \u00bb Manuela Burghelea\u00a0(University of St Andrews).<\/p><p><strong>16.00 \u2013 16.30<\/strong> Pause-caf\u00e9 \/ Kaffeepause<\/p><p><strong>16.30-18:00<\/strong> Les savoirs au-del\u00e0 des fronti\u00e8res \/ Grenzu\u0308berschreitendes Wissen<\/p><p>\u00ab <em>Esperanto und die medizinische Wissenszirkulation, c. 1908-1920er<\/em> \u00bb, Marcel Koschek (Universit\u00e4t\u00a0Bonn)<\/p><p>\u00ab <em>Le monopole \u00e9ditorial fran\u00e7ais en esp\u00e9ranto avant 1914<\/em> \u00bb, Thomas Creusot (\u00c9cole des Chartes,\u00a0Paris)<\/p><p><strong>mercredi 8 septembre 2021 \/ Mittwoch, 8. September 2021<\/strong><\/p><p><strong>9:30-11:30<\/strong> Initiation \u00e0 l\u2019esp\u00e9ranto \/ Einfu\u0308hrung in Esperanto<\/p><p>Enseignant \/ Kursleiter : Louis Ferdinand von Wunsch-Rolshoven<\/p><p><strong>12:00-13:00<\/strong> Bilan avec les participant.e.s \/ Abschlussdiskussion mit den Teilnehmenden<\/p><p><strong>D\u00e9jeuner sur place \/ Mittagessen vor Ort<\/strong><\/p><p>* * * * * * * * * * * * * * * * * * * *<\/p><p><strong>Cl\u00f4ture du Workshop \/ Ende des Workshops<\/strong><\/p><p>* * * * * * * * * * * * * * * * * * * *<\/p><p><strong>15:30-18.00<\/strong> (sur invitation \/ auf Einladung)<\/p><p>Symposium<\/p><p><em>Archive in Research on Esperanto history.\u00a0Identifying and structuring source materials and current challenges in their preservation.<\/em><\/p><p>Working languages: english \/ esperanto<\/p><p><strong>A. First session<\/strong><\/p><p>Chair: Pascal Dubourg Glatigny, CNRS (Centre Alexandre Koyr\u00e9, Campus<\/p><p>Condorcet Paris)<\/p><p>1. Panorama of the archives issue (Pascal Dubourg)<\/p><p>2. Feedback on research and access to archives\u00a0(Javier Alcalde, Laura Pettinaroli, Thomas Creusot, Denis Eckert, Marcel Koschek, Bernhard Struck)<\/p><p><strong>B. Second session<\/strong><\/p><p>Chair: Mark Fettes, Simon Fraser University, Vancouver (Director of the Centro de Esploro kaj\u00a0Dokumentado)<\/p><p>1. Presentations by collection managers :<\/p><p>Ana Manero (Bitoteko, Madrid), Bernhard Tuider (Vienna, \u00d6sterreischiche Nationalbibliothek),\u00a0Susanne Henschel (Staatsbibliothek zu Berlin), Orlando Raola (Santa Rosa College, California, UEA\u00a0board member for culture and libraries), Roland Rotsaert, Marc Vanden Bempt (Antwerp,\u00a0Internacia Esperanto-Arkivo).<\/p><p>2. Intervention by leaders of the Esperanto movement:<\/p><p>Duncan Charters (Principia College, Illinois, President of the Universal Esperanto Association UEA),<\/p><p>Humphrey Tonkin (University of Hartford, Connecticut, President of the Esperantic Studies\u00a0Foundation).<\/p><p>C. General Discussion<\/p><p>Chair: Denis Eckert, CNRS (Centre Marc Bloch Berlin \/ Campus Condorcet, Paris)<\/p>\t\t\t\t\t\t\t\t<\/div>\n\t\t\t\t<\/div>\n\t\t\t\t\t<\/div>\n\t\t<\/div>\n\t\t\t\t\t<\/div>\n\t\t<\/section>\n\t\t\t\t<\/div>\n\t\t","protected":false},"excerpt":{"rendered":"<p>&nbsp; 6-8 septembre 2021 \/ 6-8. September 2021 Atelier Jeunes Chercheur.e.s de l\u2019Universit\u00e9 Franco-Allemande \/\u00a0Forschungsatelier fu\u0308r Nachwuchswissenschaftler*innen der Deutsch-Franz\u00f6sischen Hochschule Comit\u00e9\/Veranstalter: Martin Aust (Bonn), Pascal Dubourg Glatigny (Paris), Denis Eckert (Berlin\/Paris), Bernhard Struck (St Andrews). Coordination scientifique \/ Wissenschaftliche Koordination, Centre Marc Bloch : Denis Eckert L\u2019atelier se d\u00e9roule en fran\u00e7ais, allemand et anglais, sans &hellip;<\/p>\n<p class=\"read-more\"> <a class=\"\" href=\"https:\/\/www.transnationalhistory.net\/esperanto\/pratiques-des-langues-en-contexte-transnational-sprachpraktiken-in-transnationalen-kontexten\/\"> <span class=\"screen-reader-text\">Pratiques des langues en contexte transnational \/ Sprachpraktiken in transnationalen Kontexten<\/span> Read More &raquo;<\/a><\/p>\n","protected":false},"author":5,"featured_media":0,"parent":0,"menu_order":0,"comment_status":"closed","ping_status":"closed","template":"","meta":{"bgseo_title":"","bgseo_description":"","bgseo_robots_index":"","bgseo_robots_follow":"","site-sidebar-layout":"default","site-content-layout":"","ast-site-content-layout":"","site-content-style":"default","site-sidebar-style":"default","ast-global-header-display":"","ast-banner-title-visibility":"","ast-main-header-display":"","ast-hfb-above-header-display":"","ast-hfb-below-header-display":"","ast-hfb-mobile-header-display":"","site-post-title":"","ast-breadcrumbs-content":"","ast-featured-img":"","footer-sml-layout":"","theme-transparent-header-meta":"","adv-header-id-meta":"","stick-header-meta":"","header-above-stick-meta":"","header-main-stick-meta":"","header-below-stick-meta":"","astra-migrate-meta-layouts":"","ast-page-background-enabled":"default","ast-page-background-meta":{"desktop":{"background-color":"","background-image":"","background-repeat":"repeat","background-position":"center center","background-size":"auto","background-attachment":"scroll","background-type":"","background-media":"","overlay-type":"","overlay-color":"","overlay-gradient":""},"tablet":{"background-color":"","background-image":"","background-repeat":"repeat","background-position":"center center","background-size":"auto","background-attachment":"scroll","background-type":"","background-media":"","overlay-type":"","overlay-color":"","overlay-gradient":""},"mobile":{"background-color":"","background-image":"","background-repeat":"repeat","background-position":"center center","background-size":"auto","background-attachment":"scroll","background-type":"","background-media":"","overlay-type":"","overlay-color":"","overlay-gradient":""}},"ast-content-background-meta":{"desktop":{"background-color":"var(--ast-global-color-5)","background-image":"","background-repeat":"repeat","background-position":"center center","background-size":"auto","background-attachment":"scroll","background-type":"","background-media":"","overlay-type":"","overlay-color":"","overlay-gradient":""},"tablet":{"background-color":"var(--ast-global-color-5)","background-image":"","background-repeat":"repeat","background-position":"center center","background-size":"auto","background-attachment":"scroll","background-type":"","background-media":"","overlay-type":"","overlay-color":"","overlay-gradient":""},"mobile":{"background-color":"var(--ast-global-color-5)","background-image":"","background-repeat":"repeat","background-position":"center center","background-size":"auto","background-attachment":"scroll","background-type":"","background-media":"","overlay-type":"","overlay-color":"","overlay-gradient":""}},"footnotes":""},"class_list":["post-949","page","type-page","status-publish","hentry"],"jetpack_sharing_enabled":true,"_links":{"self":[{"href":"https:\/\/www.transnationalhistory.net\/esperanto\/wp-json\/wp\/v2\/pages\/949","targetHints":{"allow":["GET"]}}],"collection":[{"href":"https:\/\/www.transnationalhistory.net\/esperanto\/wp-json\/wp\/v2\/pages"}],"about":[{"href":"https:\/\/www.transnationalhistory.net\/esperanto\/wp-json\/wp\/v2\/types\/page"}],"author":[{"embeddable":true,"href":"https:\/\/www.transnationalhistory.net\/esperanto\/wp-json\/wp\/v2\/users\/5"}],"replies":[{"embeddable":true,"href":"https:\/\/www.transnationalhistory.net\/esperanto\/wp-json\/wp\/v2\/comments?post=949"}],"version-history":[{"count":3,"href":"https:\/\/www.transnationalhistory.net\/esperanto\/wp-json\/wp\/v2\/pages\/949\/revisions"}],"predecessor-version":[{"id":952,"href":"https:\/\/www.transnationalhistory.net\/esperanto\/wp-json\/wp\/v2\/pages\/949\/revisions\/952"}],"wp:attachment":[{"href":"https:\/\/www.transnationalhistory.net\/esperanto\/wp-json\/wp\/v2\/media?parent=949"}],"curies":[{"name":"wp","href":"https:\/\/api.w.org\/{rel}","templated":true}]}}